{"id":7033,"date":"2023-03-21T09:33:09","date_gmt":"2023-03-21T08:33:09","guid":{"rendered":"https:\/\/salvadera.skizunft-basketball.de\/?page_id=7033"},"modified":"2024-10-28T15:22:57","modified_gmt":"2024-10-28T14:22:57","slug":"bba-giants-kornwestheim","status":"publish","type":"page","link":"https:\/\/salvadera.skizunft-basketball.de\/index.php\/bba-giants-kornwestheim\/","title":{"rendered":"BBA GIANTS Kornwestheim"},"content":{"rendered":"\n<h3 style=\"text-align: center;\">Die Basketball Akademie der SZ GIANTS Kornwestheim<\/h3>\n<p>Die Basketball Akademie GIANTS (BBA GIANTS) ist ein wesentlicher Bestandteil der SZ GIANTS Kornwestheim und ein zukunftsweisendes Projekt, das den Fokus auf die F\u00f6rderung des Leistungssports im Basketball in Kornwestheim und der gesamten Region Stuttgart legt. Diese Akademie ist ein Paradebeispiel f\u00fcr die engagierte Arbeit, die hinter der Entwicklung junger Basketballtalente in Kornwestheim steckt.<\/p>\n<p>Die Partnerschaft mit der Porsche BBA Ludwigsburg, die seit vielen Jahren besteht, spielt eine wichtige Rolle in unserem Engagement f\u00fcr den Leistungssport im Basketball. Die Porsche BBA bringt eine F\u00fclle von Erfahrung und Expertise ein, um unsere Spieler bestm\u00f6glich zu unterst\u00fctzen. Diese enge Zusammenarbeit gew\u00e4hrleistet eine qualitativ hochwertige Ausbildung und Coaching, das auf dem neuesten Stand der Basketballtechniken und -taktiken basiert.<\/p>\n<p>Die SZ GIANTS Kornwestheim haben sich nicht nur dem Leistungssport verschrieben, sondern auch der F\u00f6rderung der lokalen Gemeinschaft in Kornwestheim. Unsere Basketballabteilung hat sich im Laufe der Jahre stetig weiterentwickelt und verfolgt sowohl den Breitensport als auch den Leistungssport mit Leidenschaft. Dabei stehen die Werte von Teamgeist, Disziplin und Einsatzbereitschaft im Mittelpunkt unserer Bem\u00fchungen.<\/p>\n<figure id=\"attachment_8730\" aria-describedby=\"caption-attachment-8730\" style=\"width: 800px\" class=\"wp-caption alignnone\"><img loading=\"lazy\" decoding=\"async\" class=\"wp-image-8730 size-large\" src=\"https:\/\/salvadera.skizunft-basketball.de\/wp-content\/uploads\/2024\/10\/IMG_6423-2-1024x576.jpg\" alt=\"\" width=\"800\" height=\"450\" srcset=\"https:\/\/salvadera.skizunft-basketball.de\/wp-content\/uploads\/2024\/10\/IMG_6423-2-1024x576.jpg 1024w, https:\/\/salvadera.skizunft-basketball.de\/wp-content\/uploads\/2024\/10\/IMG_6423-2-300x169.jpg 300w, https:\/\/salvadera.skizunft-basketball.de\/wp-content\/uploads\/2024\/10\/IMG_6423-2-768x432.jpg 768w, https:\/\/salvadera.skizunft-basketball.de\/wp-content\/uploads\/2024\/10\/IMG_6423-2-1536x864.jpg 1536w, https:\/\/salvadera.skizunft-basketball.de\/wp-content\/uploads\/2024\/10\/IMG_6423-2-2048x1152.jpg 2048w\" sizes=\"auto, (max-width: 800px) 100vw, 800px\" \/><figcaption id=\"caption-attachment-8730\" class=\"wp-caption-text\">NBBL Saison 2023\/24 Oben: Lovro Medic, Husein Petlaca, Leon Azdajic, Maksim Pejkic, Jonathan Gerlinger, Kilian Hammer, Noah Popescu, Eron Gashi, Elias Earls Unten: Coach: Brent Tipton, Eneko Haug Alonso, Samuel Kurr, Titus Schuster, Josia Gentischer, Dominik Kostic, Kevin Tobias, Dennis Welther, Gerry Schuder, Assistant Coaches: Ryan Roseberry, Emir Mehmedagic<\/figcaption><\/figure>\n<p><br \/>Die BBA GIANTS Kornwestheim sind ein wichtiger Baustein in unserer Mission, jungen Talenten aus Kornwestheim und Umgebung die bestm\u00f6gliche Unterst\u00fctzung und Entwicklungsm\u00f6glichkeiten zu bieten. Diese Akademie hat es sich zur Aufgabe gemacht, nicht nur sportliche F\u00e4higkeiten zu f\u00f6rdern, sondern auch Charakterbildung und Bildung im Allgemeinen zu betonen.<\/p>\n<p>In Kornwestheim, einer Stadt, die stolz auf ihre Basketballtradition ist, hat sich dank der BBA GIANTS und der Partnerschaft mit der Porsche BBA Ludwigsburg ein wahres Basketballzentrum entwickelt. Diese Partnerschaft tr\u00e4gt nicht nur zur Entwicklung der n\u00e4chsten Generation von Basketballtalenten bei, sondern st\u00e4rkt auch die Identifikation der Gemeinschaft mit dem Basketball und tr\u00e4gt zur regionalen Basketballkultur bei.<\/p>\n<p>Zusammengefasst sind die SZ GIANTS Kornwestheim und die BBA GIANTS eine Triebkraft f\u00fcr den Leistungssport im Basketball in Kornwestheim und der Region Stuttgart. Die langj\u00e4hrige Partnerschaft mit der Porsche BBA Ludwigsburg ist ein wichtiger Bestandteil unseres Erfolgs, der es uns erm\u00f6glicht, junge Talente bestm\u00f6glich zu f\u00f6rdern und Kornwestheim als einen bedeutenden Basketballstandort zu etablieren. Wir freuen uns auf die Fortsetzung dieser Reise und darauf, gemeinsam die Zukunft des Basketballs in Kornwestheim zu gestalten.<\/p>\n<p>\u00a0<\/p>\n","protected":false},"excerpt":{"rendered":"<p>Die Basketball Akademie der SZ GIANTS Kornwestheim Die Basketball Akademie GIANTS (BBA GIANTS) ist ein wesentlicher Bestandteil der SZ GIANTS Kornwestheim und ein zukunftsweisendes Projekt, das den Fokus auf die &#8230;<\/p>\n","protected":false},"author":1,"featured_media":0,"parent":0,"menu_order":0,"comment_status":"closed","ping_status":"closed","template":"","meta":{"footnotes":""},"class_list":["post-7033","page","type-page","status-publish","hentry"],"_links":{"self":[{"href":"https:\/\/salvadera.skizunft-basketball.de\/index.php\/wp-json\/wp\/v2\/pages\/7033","targetHints":{"allow":["GET"]}}],"collection":[{"href":"https:\/\/salvadera.skizunft-basketball.de\/index.php\/wp-json\/wp\/v2\/pages"}],"about":[{"href":"https:\/\/salvadera.skizunft-basketball.de\/index.php\/wp-json\/wp\/v2\/types\/page"}],"author":[{"embeddable":true,"href":"https:\/\/salvadera.skizunft-basketball.de\/index.php\/wp-json\/wp\/v2\/users\/1"}],"replies":[{"embeddable":true,"href":"https:\/\/salvadera.skizunft-basketball.de\/index.php\/wp-json\/wp\/v2\/comments?post=7033"}],"version-history":[{"count":6,"href":"https:\/\/salvadera.skizunft-basketball.de\/index.php\/wp-json\/wp\/v2\/pages\/7033\/revisions"}],"predecessor-version":[{"id":8733,"href":"https:\/\/salvadera.skizunft-basketball.de\/index.php\/wp-json\/wp\/v2\/pages\/7033\/revisions\/8733"}],"wp:attachment":[{"href":"https:\/\/salvadera.skizunft-basketball.de\/index.php\/wp-json\/wp\/v2\/media?parent=7033"}],"curies":[{"name":"wp","href":"https:\/\/api.w.org\/{rel}","templated":true}]}}