{"id":699,"date":"2019-05-28T13:11:59","date_gmt":"2019-05-28T11:11:59","guid":{"rendered":"https:\/\/salvadera.skizunft-basketball.de\/?page_id=699"},"modified":"2025-11-18T16:16:04","modified_gmt":"2025-11-18T15:16:04","slug":"downloads-dokumente","status":"publish","type":"page","link":"https:\/\/salvadera.skizunft-basketball.de\/index.php\/downloads-dokumente\/","title":{"rendered":"Downloads\/Dokumente"},"content":{"rendered":"\n<h2>Downloads und Dokumente<\/h2>\n<ul>\n<li><a href=\"http:\/\/sz-kornwestheim.de\/cms\/docs\/doc29546.pdf\">Satzung Hauptverein<\/a><\/li>\n<li><a href=\"https:\/\/salvadera.skizunft-basketball.de\/wp-content\/uploads\/2019\/05\/Abteilungsordnung.pdf\">Abteilungsordnung<\/a><\/li>\n<li><a href=\"https:\/\/salvadera.skizunft-basketball.de\/wp-content\/uploads\/2022\/09\/Beitrittserkla\u0308rung.pdf\">Beitrittserkl\u00e4rung<\/a><\/li>\n<li><a href=\"https:\/\/salvadera.skizunft-basketball.de\/wp-content\/uploads\/2023\/07\/Beitrittserklaerung_Beiblatt_Zusatzbeitraege.pdf\" data-wplink-edit=\"true\">Beitrittserklaerung Beiblatt Zusatzbeitraege<\/a><\/li>\n<li><a href=\"http:\/\/sz-kornwestheim.de\/cms\/iwebs\/download.aspx?id=115177\">Beitrittserkl\u00e4rung &#8211; Beiblatt DSGVO<\/a><\/li>\n<li><a href=\"https:\/\/salvadera.skizunft-basketball.de\/wp-content\/uploads\/2019\/11\/Einverst\u00e4ndniserkl\u00e4rung-zur-Ver\u00f6ffentlichung-von-Fotos.pdf\">Einverst\u00e4ndniserkl\u00e4rung zur Ver\u00f6ffentlichung von Fotos<\/a><\/li>\n<li><a href=\"http:\/\/sz-kornwestheim.de\/cms\/iwebs\/download.aspx?id=112480\">Allgemeine Gesch\u00e4ftsbedingungen<\/a><\/li>\n<li><a href=\"http:\/\/sz-kornwestheim.de\/cms\/docs\/doc29547.pdf\">Jugendordnung<\/a><\/li>\n<\/ul>\n","protected":false},"excerpt":{"rendered":"<p>Downloads und Dokumente Satzung Hauptverein Abteilungsordnung Beitrittserkl\u00e4rung Beitrittserklaerung Beiblatt Zusatzbeitraege Beitrittserkl\u00e4rung &#8211; Beiblatt DSGVO Einverst\u00e4ndniserkl\u00e4rung zur Ver\u00f6ffentlichung von Fotos Allgemeine Gesch\u00e4ftsbedingungen Jugendordnung<\/p>\n","protected":false},"author":1,"featured_media":0,"parent":0,"menu_order":0,"comment_status":"closed","ping_status":"closed","template":"","meta":{"footnotes":""},"class_list":["post-699","page","type-page","status-publish","hentry"],"_links":{"self":[{"href":"https:\/\/salvadera.skizunft-basketball.de\/index.php\/wp-json\/wp\/v2\/pages\/699","targetHints":{"allow":["GET"]}}],"collection":[{"href":"https:\/\/salvadera.skizunft-basketball.de\/index.php\/wp-json\/wp\/v2\/pages"}],"about":[{"href":"https:\/\/salvadera.skizunft-basketball.de\/index.php\/wp-json\/wp\/v2\/types\/page"}],"author":[{"embeddable":true,"href":"https:\/\/salvadera.skizunft-basketball.de\/index.php\/wp-json\/wp\/v2\/users\/1"}],"replies":[{"embeddable":true,"href":"https:\/\/salvadera.skizunft-basketball.de\/index.php\/wp-json\/wp\/v2\/comments?post=699"}],"version-history":[{"count":18,"href":"https:\/\/salvadera.skizunft-basketball.de\/index.php\/wp-json\/wp\/v2\/pages\/699\/revisions"}],"predecessor-version":[{"id":9822,"href":"https:\/\/salvadera.skizunft-basketball.de\/index.php\/wp-json\/wp\/v2\/pages\/699\/revisions\/9822"}],"wp:attachment":[{"href":"https:\/\/salvadera.skizunft-basketball.de\/index.php\/wp-json\/wp\/v2\/media?parent=699"}],"curies":[{"name":"wp","href":"https:\/\/api.w.org\/{rel}","templated":true}]}}