{"id":63,"date":"2018-07-03T09:58:42","date_gmt":"2018-07-03T07:58:42","guid":{"rendered":"https:\/\/salvadera.skizunft-basketball.de\/szk_wp\/?page_id=63"},"modified":"2025-11-18T16:28:45","modified_gmt":"2025-11-18T15:28:45","slug":"u18","status":"publish","type":"page","link":"https:\/\/salvadera.skizunft-basketball.de\/index.php\/u18\/","title":{"rendered":"U18 m\u00e4nnlich"},"content":{"rendered":"<p><strong>Wichtig! Wir haben Aufgrund des Andrangs Wartelisten eingef\u00fchrt &#8211; Bitte gehen sie \u00fcber das <a href=\"https:\/\/salvadera.skizunft-basketball.de\/index.php\/kontakt\/\">Kontaktformular<\/a> um sich f\u00fcr ein Probetraining auf die Warteliste zu setzen. Vielen Dank f\u00fcr ihr Verst\u00e4ndnis.<\/strong><\/p>\n<p><strong>U18\/1 (Jugend-Oberliga)<\/strong><br \/>\nTrainingszeiten (Hannes-Reiber-Halle Kornwestheim)<br \/>\nMontag: 20:30 \u2013 22:00 Uhr<br \/>\nDienstag: 19:00 &#8211; 20:30 Uhr<br \/>\nDonnerstag: 19:00 &#8211; 20:30 Uhr<\/p>\n<p>Trainer: Niko Graus<\/p>\n<p><strong>U18\/2 (Landesliga)<\/strong><br \/>\nTrainingszeiten (Hannes-Reiber-Halle Kornwestheim)<br \/>\nMittwoch: 19:00 \u2013 20:30 Uhr<br \/>\nFreitag: 19:00 \u2013 20:30 Uhr<\/p>\n<p>Trainer: Gintautas Lipkinas<\/p>\n","protected":false},"excerpt":{"rendered":"<p>Wichtig! Wir haben Aufgrund des Andrangs Wartelisten eingef\u00fchrt &#8211; Bitte gehen sie \u00fcber das Kontaktformular um sich f\u00fcr ein Probetraining auf die Warteliste zu setzen. Vielen Dank f\u00fcr ihr Verst\u00e4ndnis. &#8230;<\/p>\n","protected":false},"author":1,"featured_media":0,"parent":0,"menu_order":0,"comment_status":"closed","ping_status":"closed","template":"","meta":{"footnotes":""},"class_list":["post-63","page","type-page","status-publish","hentry"],"_links":{"self":[{"href":"https:\/\/salvadera.skizunft-basketball.de\/index.php\/wp-json\/wp\/v2\/pages\/63","targetHints":{"allow":["GET"]}}],"collection":[{"href":"https:\/\/salvadera.skizunft-basketball.de\/index.php\/wp-json\/wp\/v2\/pages"}],"about":[{"href":"https:\/\/salvadera.skizunft-basketball.de\/index.php\/wp-json\/wp\/v2\/types\/page"}],"author":[{"embeddable":true,"href":"https:\/\/salvadera.skizunft-basketball.de\/index.php\/wp-json\/wp\/v2\/users\/1"}],"replies":[{"embeddable":true,"href":"https:\/\/salvadera.skizunft-basketball.de\/index.php\/wp-json\/wp\/v2\/comments?post=63"}],"version-history":[{"count":26,"href":"https:\/\/salvadera.skizunft-basketball.de\/index.php\/wp-json\/wp\/v2\/pages\/63\/revisions"}],"predecessor-version":[{"id":9831,"href":"https:\/\/salvadera.skizunft-basketball.de\/index.php\/wp-json\/wp\/v2\/pages\/63\/revisions\/9831"}],"wp:attachment":[{"href":"https:\/\/salvadera.skizunft-basketball.de\/index.php\/wp-json\/wp\/v2\/media?parent=63"}],"curies":[{"name":"wp","href":"https:\/\/api.w.org\/{rel}","templated":true}]}}