{"id":59,"date":"2018-07-03T09:58:42","date_gmt":"2018-07-03T07:58:42","guid":{"rendered":"https:\/\/salvadera.skizunft-basketball.de\/szk_wp\/?page_id=59"},"modified":"2025-11-19T12:41:43","modified_gmt":"2025-11-19T11:41:43","slug":"u12","status":"publish","type":"page","link":"https:\/\/salvadera.skizunft-basketball.de\/index.php\/u12\/","title":{"rendered":"U12 m\u00e4nnlich\/mixed"},"content":{"rendered":"<p><strong>Wichtig! Wir haben Aufgrund des Andrangs Wartelisten eingef\u00fchrt &#8211; Bitte gehen sie \u00fcber das <a href=\"https:\/\/salvadera.skizunft-basketball.de\/index.php\/kontakt\/\">Kontaktformular<\/a> um sich f\u00fcr ein Probetraining auf die Warteliste zu setzen. Vielen Dank f\u00fcr ihr Verst\u00e4ndnis.<\/strong><\/p>\n<p><strong>U12\/1<\/strong><br \/>\nTrainingszeiten (Hannes-Reiber-Halle Kornwestheim)<\/p>\n<p>Montag: 17:30 &#8211; 19:00 Uhr<br \/>\nDienstag: 17:30 \u2013 19:00 Uhr<br \/>\nDonnerstag: 17:30 \u2013 19:00 Uhr<\/p>\n<p>Trainer: &#8222;Tomek&#8220; Michalczyk<\/p>\n<p><strong>\u00a0<\/strong><\/p>\n<p><strong>U12\/2<\/strong><br \/>\nTrainingszeiten<br \/>\nMontag: 17:30 \u2013 19:00 Uhr (Hannes-Reiber-Halle Kornwestheim)<br \/>\nDonnerstag: 16:00 \u2013 17:30 Uhr (Ernst-Sigle-Gymnasium-Halle Kornwestheim)<\/p>\n<p>Trainer: Keith Mounce<\/p>\n","protected":false},"excerpt":{"rendered":"<p>Wichtig! Wir haben Aufgrund des Andrangs Wartelisten eingef\u00fchrt &#8211; Bitte gehen sie \u00fcber das Kontaktformular um sich f\u00fcr ein Probetraining auf die Warteliste zu setzen. Vielen Dank f\u00fcr ihr Verst\u00e4ndnis. &#8230;<\/p>\n","protected":false},"author":1,"featured_media":0,"parent":0,"menu_order":0,"comment_status":"closed","ping_status":"closed","template":"","meta":{"footnotes":""},"class_list":["post-59","page","type-page","status-publish","hentry"],"_links":{"self":[{"href":"https:\/\/salvadera.skizunft-basketball.de\/index.php\/wp-json\/wp\/v2\/pages\/59","targetHints":{"allow":["GET"]}}],"collection":[{"href":"https:\/\/salvadera.skizunft-basketball.de\/index.php\/wp-json\/wp\/v2\/pages"}],"about":[{"href":"https:\/\/salvadera.skizunft-basketball.de\/index.php\/wp-json\/wp\/v2\/types\/page"}],"author":[{"embeddable":true,"href":"https:\/\/salvadera.skizunft-basketball.de\/index.php\/wp-json\/wp\/v2\/users\/1"}],"replies":[{"embeddable":true,"href":"https:\/\/salvadera.skizunft-basketball.de\/index.php\/wp-json\/wp\/v2\/comments?post=59"}],"version-history":[{"count":26,"href":"https:\/\/salvadera.skizunft-basketball.de\/index.php\/wp-json\/wp\/v2\/pages\/59\/revisions"}],"predecessor-version":[{"id":9846,"href":"https:\/\/salvadera.skizunft-basketball.de\/index.php\/wp-json\/wp\/v2\/pages\/59\/revisions\/9846"}],"wp:attachment":[{"href":"https:\/\/salvadera.skizunft-basketball.de\/index.php\/wp-json\/wp\/v2\/media?parent=59"}],"curies":[{"name":"wp","href":"https:\/\/api.w.org\/{rel}","templated":true}]}}