{"id":427,"date":"2018-09-13T10:17:13","date_gmt":"2018-09-13T08:17:13","guid":{"rendered":"https:\/\/salvadera.skizunft-basketball.de\/?page_id=427"},"modified":"2024-12-24T11:52:57","modified_gmt":"2024-12-24T10:52:57","slug":"ueber-uns","status":"publish","type":"page","link":"https:\/\/salvadera.skizunft-basketball.de\/index.php\/ueber-uns\/","title":{"rendered":"\u00dcber uns"},"content":{"rendered":"<p><strong>Liebe Mitglieder, Freunde und Interessierte der Abteilung Basketball der Skizunft Kornwestheim,<\/strong><\/p>\n<p>wir freuen uns sehr, dass wir Ihnen auf dieser Homepage die SZ GIANTS Kornwestheim pr\u00e4sentieren d\u00fcrfen.<\/p>\n<p>In den vergangenen Jahren haben wir uns ausgehend von einer kleinen Abteilung mit f\u00fcnf Mannschaften und nicht einmal 100 Spielern gemeinsam zu einem der gr\u00f6\u00dften Basketballvereine im BBW Bezirk Nordw\u00fcrttemberg entwickelt. Heute spielen drei Senioren- und 11 Jugendmannschaften (davon eine weibliche) im Trikot der SZ GIANTS. Dazu kommen f\u00fcnf Schulmannschaften, die in unserer Grundschulliga gegeneinander antreten. Insgesamt bewegen wir somit Woche f\u00fcr Woche mehr als 300 aktive Basketballerinnen und Basketballer.<\/p>\n<p>Doch auch neben dem regul\u00e4ren Trainings- und Spielbetrieb sind wir seit Jahren sehr aktiv. Neben der Grundschulliga veranstalten wir jedes Jahr vor den Sommerferien ein eint\u00e4giges Minicamp f\u00fcr Dritt-\/Viertkl\u00e4ssler der Kornwestheimer Grundschulen und in den Herbstferien folgt das dreit\u00e4gige Herbstcamp f\u00fcr junge Basketballer und solche, die es werden wollen. In den vergangenen Jahren richteten wir dar\u00fcber hinaus das von serbischen Profitrainern geleitete Zlatiborbasketcamp f\u00fcr unsere etwas \u00e4lteren Jugendspieler aus. Auch der GFH Basketball Cup in der Altersklasse U12, an dem regelm\u00e4\u00dfig die besten Nachwuchsmannschaften aus S\u00fcddeutschland teilnehmen, geh\u00f6rt inzwischen fest zu unserem Jahresprogramm.<\/p>\n<p>An dieser Stelle m\u00f6chten wir darauf hinweisen, dass wir all dies nur aufgrund des ehrenamtlichen Engagements zahlreicher Helfer und der gro\u00dfz\u00fcgigen Unterst\u00fctzung durch Sponsoren stemmen k\u00f6nnen. Um auch in Zukunft unserer Arbeit so fortsetzen zu k\u00f6nnen, w\u00fcrden wir uns \u00fcber Ihre Unterst\u00fctzung sehr freuen. Egal ob Trainer, Schiedsrichter, Organisator im Hintergrund oder Vermittler eines Sponsors \u2013 es gibt viele verschiedene M\u00f6glichkeiten Ihrer Mithilfe. Gerne k\u00f6nnen Sie hierzu unser Abteilungsteam kontaktieren.<br \/>\nBesuchen Sie au\u00dferdem unsere Instagram- und Facebook-Seite und unsere Homepage, die immer alle Neuigkeiten der Abteilung Basketball f\u00fcr Sie bereithalten. Selbstverst\u00e4ndlich sind Sie auch bei unseren Heimspielen in der Hannes-Reiber-Halle jederzeit willkommen.<\/p>\n<p>Zum Schluss w\u00fcrden wir uns gerne noch bei allen Trainern, Mitgliedern, Freunden und Sponsoren der Abteilung Basketball f\u00fcr die Unterst\u00fctzung und das engagierte Mitwirken bedanken!<\/p>\n<p>Abteilungsleitung<\/p>\n","protected":false},"excerpt":{"rendered":"<p>Liebe Mitglieder, Freunde und Interessierte der Abteilung Basketball der Skizunft Kornwestheim, wir freuen uns sehr, dass wir Ihnen auf dieser Homepage die SZ GIANTS Kornwestheim pr\u00e4sentieren d\u00fcrfen. In den vergangenen &#8230;<\/p>\n","protected":false},"author":1,"featured_media":0,"parent":0,"menu_order":0,"comment_status":"closed","ping_status":"closed","template":"","meta":{"footnotes":""},"class_list":["post-427","page","type-page","status-publish","hentry"],"_links":{"self":[{"href":"https:\/\/salvadera.skizunft-basketball.de\/index.php\/wp-json\/wp\/v2\/pages\/427","targetHints":{"allow":["GET"]}}],"collection":[{"href":"https:\/\/salvadera.skizunft-basketball.de\/index.php\/wp-json\/wp\/v2\/pages"}],"about":[{"href":"https:\/\/salvadera.skizunft-basketball.de\/index.php\/wp-json\/wp\/v2\/types\/page"}],"author":[{"embeddable":true,"href":"https:\/\/salvadera.skizunft-basketball.de\/index.php\/wp-json\/wp\/v2\/users\/1"}],"replies":[{"embeddable":true,"href":"https:\/\/salvadera.skizunft-basketball.de\/index.php\/wp-json\/wp\/v2\/comments?post=427"}],"version-history":[{"count":6,"href":"https:\/\/salvadera.skizunft-basketball.de\/index.php\/wp-json\/wp\/v2\/pages\/427\/revisions"}],"predecessor-version":[{"id":8867,"href":"https:\/\/salvadera.skizunft-basketball.de\/index.php\/wp-json\/wp\/v2\/pages\/427\/revisions\/8867"}],"wp:attachment":[{"href":"https:\/\/salvadera.skizunft-basketball.de\/index.php\/wp-json\/wp\/v2\/media?parent=427"}],"curies":[{"name":"wp","href":"https:\/\/api.w.org\/{rel}","templated":true}]}}