{"id":37,"date":"2018-07-01T10:09:48","date_gmt":"2018-07-01T08:09:48","guid":{"rendered":"http:\/\/szk-playground.servepics.com\/szk_wp\/?page_id=37"},"modified":"2024-12-24T13:26:17","modified_gmt":"2024-12-24T12:26:17","slug":"sponsoren","status":"publish","type":"page","link":"https:\/\/salvadera.skizunft-basketball.de\/index.php\/sponsoren\/","title":{"rendered":"F\u00f6rderer \/\/ Sponsoren"},"content":{"rendered":"<h1><strong>F\u00f6rderer und Sponsoren<\/strong><\/h1>\n<p>In den vergangenen Jahren haben wir uns ausgehend von einer kleinen Abteilung mit f\u00fcnf Mannschaften und nicht einmal 100 Spielern gemeinsam zu einem der gr\u00f6\u00dften Basketballvereine im BBW Bezirk Nordw\u00fcrttemberg entwickelt. Heute spielen drei Senioren- und 14 Jugendmannschaften (davon drei weibliche) im Trikot der Skizunft. Dazu kommen f\u00fcnf Schulmannschaften, die in unserer Grundschulliga gegeneinander antreten. Insgesamt bewegen wir somit Woche f\u00fcr Woche mehr als 300 aktive Basketballerinnen und Basketballer. Dies w\u00e4re auch nicht m\u00f6glich wenn wir nicht unsere Sponsoren h\u00e4tten.<\/p>\n<h2><strong>Unsere Sponsoren<br \/>\n<\/strong><\/h2>\n<table style=\"border-collapse: collapse; width: 100{f095cbfc23b5d948ebc3456e744b7bd07c7f7c90d73fe0753b90cd8ac848d14e};\">\n<tbody>\n<tr>\n<td style=\"width: 50{f095cbfc23b5d948ebc3456e744b7bd07c7f7c90d73fe0753b90cd8ac848d14e}; text-align: center;\"><img loading=\"lazy\" decoding=\"async\" class=\"alignnone  wp-image-7049\" src=\"https:\/\/salvadera.skizunft-basketball.de\/wp-content\/uploads\/2023\/03\/GFH_neu_2023.png\" alt=\"\" width=\"365\" height=\"286\" \/><\/td>\n<td style=\"width: 50{f095cbfc23b5d948ebc3456e744b7bd07c7f7c90d73fe0753b90cd8ac848d14e}; text-align: center;\"><img loading=\"lazy\" decoding=\"async\" class=\"alignnone  wp-image-1487\" src=\"https:\/\/salvadera.skizunft-basketball.de\/wp-content\/uploads\/2020\/02\/gwv-logo-kl.png\" alt=\"\" width=\"284\" height=\"164\" \/><img loading=\"lazy\" decoding=\"async\" class=\"alignnone  wp-image-7468\" src=\"https:\/\/salvadera.skizunft-basketball.de\/wp-content\/uploads\/2023\/10\/KRIEGER_4c-1024x390.png\" alt=\"\" width=\"343\" height=\"131\" srcset=\"https:\/\/salvadera.skizunft-basketball.de\/wp-content\/uploads\/2023\/10\/KRIEGER_4c-1024x390.png 1024w, https:\/\/salvadera.skizunft-basketball.de\/wp-content\/uploads\/2023\/10\/KRIEGER_4c-300x114.png 300w, https:\/\/salvadera.skizunft-basketball.de\/wp-content\/uploads\/2023\/10\/KRIEGER_4c-768x293.png 768w, https:\/\/salvadera.skizunft-basketball.de\/wp-content\/uploads\/2023\/10\/KRIEGER_4c-1536x585.png 1536w, https:\/\/salvadera.skizunft-basketball.de\/wp-content\/uploads\/2023\/10\/KRIEGER_4c.png 1658w\" sizes=\"auto, (max-width: 343px) 100vw, 343px\" \/><\/td>\n<\/tr>\n<tr>\n<td style=\"width: 50{f095cbfc23b5d948ebc3456e744b7bd07c7f7c90d73fe0753b90cd8ac848d14e}; text-align: center;\"><img loading=\"lazy\" decoding=\"async\" class=\"alignnone  wp-image-7467\" src=\"https:\/\/salvadera.skizunft-basketball.de\/wp-content\/uploads\/2023\/10\/topsports_logo-1024x609.png\" alt=\"\" width=\"328\" height=\"195\" srcset=\"https:\/\/salvadera.skizunft-basketball.de\/wp-content\/uploads\/2023\/10\/topsports_logo-1024x609.png 1024w, https:\/\/salvadera.skizunft-basketball.de\/wp-content\/uploads\/2023\/10\/topsports_logo-300x179.png 300w, https:\/\/salvadera.skizunft-basketball.de\/wp-content\/uploads\/2023\/10\/topsports_logo-768x457.png 768w, https:\/\/salvadera.skizunft-basketball.de\/wp-content\/uploads\/2023\/10\/topsports_logo-1536x914.png 1536w, https:\/\/salvadera.skizunft-basketball.de\/wp-content\/uploads\/2023\/10\/topsports_logo-2048x1219.png 2048w\" sizes=\"auto, (max-width: 328px) 100vw, 328px\" \/><\/td>\n<td style=\"width: 50{f095cbfc23b5d948ebc3456e744b7bd07c7f7c90d73fe0753b90cd8ac848d14e}; text-align: center;\"><img loading=\"lazy\" decoding=\"async\" class=\"alignnone size-large wp-image-7464\" src=\"https:\/\/salvadera.skizunft-basketball.de\/wp-content\/uploads\/2023\/10\/Logo-corpus-1024x724.png\" alt=\"\" width=\"800\" height=\"566\" srcset=\"https:\/\/salvadera.skizunft-basketball.de\/wp-content\/uploads\/2023\/10\/Logo-corpus-1024x724.png 1024w, https:\/\/salvadera.skizunft-basketball.de\/wp-content\/uploads\/2023\/10\/Logo-corpus-300x212.png 300w, https:\/\/salvadera.skizunft-basketball.de\/wp-content\/uploads\/2023\/10\/Logo-corpus-768x543.png 768w, https:\/\/salvadera.skizunft-basketball.de\/wp-content\/uploads\/2023\/10\/Logo-corpus-1536x1086.png 1536w, https:\/\/salvadera.skizunft-basketball.de\/wp-content\/uploads\/2023\/10\/Logo-corpus-2048x1448.png 2048w\" sizes=\"auto, (max-width: 800px) 100vw, 800px\" \/><\/td>\n<\/tr>\n<tr>\n<td style=\"width: 50{f095cbfc23b5d948ebc3456e744b7bd07c7f7c90d73fe0753b90cd8ac848d14e}; text-align: center;\"><\/td>\n<td style=\"width: 50{f095cbfc23b5d948ebc3456e744b7bd07c7f7c90d73fe0753b90cd8ac848d14e}; text-align: center;\"><\/td>\n<\/tr>\n<tr>\n<td style=\"text-align: center;\" colspan=\"2\"><img loading=\"lazy\" decoding=\"async\" class=\"alignnone  wp-image-7465\" src=\"https:\/\/salvadera.skizunft-basketball.de\/wp-content\/uploads\/2023\/10\/GIGA_Logistics-1024x241.png\" alt=\"\" width=\"540\" height=\"127\" srcset=\"https:\/\/salvadera.skizunft-basketball.de\/wp-content\/uploads\/2023\/10\/GIGA_Logistics-1024x241.png 1024w, https:\/\/salvadera.skizunft-basketball.de\/wp-content\/uploads\/2023\/10\/GIGA_Logistics-300x71.png 300w, https:\/\/salvadera.skizunft-basketball.de\/wp-content\/uploads\/2023\/10\/GIGA_Logistics-768x181.png 768w, https:\/\/salvadera.skizunft-basketball.de\/wp-content\/uploads\/2023\/10\/GIGA_Logistics-1536x362.png 1536w, https:\/\/salvadera.skizunft-basketball.de\/wp-content\/uploads\/2023\/10\/GIGA_Logistics-2048x482.png 2048w\" sizes=\"auto, (max-width: 540px) 100vw, 540px\" \/><\/td>\n<\/tr>\n<tr>\n<td style=\"width: 50{f095cbfc23b5d948ebc3456e744b7bd07c7f7c90d73fe0753b90cd8ac848d14e}; text-align: center;\" colspan=\"2\"><img loading=\"lazy\" decoding=\"async\" class=\"alignnone  wp-image-3520\" src=\"https:\/\/salvadera.skizunft-basketball.de\/wp-content\/uploads\/2021\/07\/LIPAS-1024x468.png\" alt=\"\" width=\"448\" height=\"205\" srcset=\"https:\/\/salvadera.skizunft-basketball.de\/wp-content\/uploads\/2021\/07\/LIPAS-1024x468.png 1024w, https:\/\/salvadera.skizunft-basketball.de\/wp-content\/uploads\/2021\/07\/LIPAS-300x137.png 300w, https:\/\/salvadera.skizunft-basketball.de\/wp-content\/uploads\/2021\/07\/LIPAS-768x351.png 768w, https:\/\/salvadera.skizunft-basketball.de\/wp-content\/uploads\/2021\/07\/LIPAS-1536x702.png 1536w, https:\/\/salvadera.skizunft-basketball.de\/wp-content\/uploads\/2021\/07\/LIPAS.png 2008w\" sizes=\"auto, (max-width: 448px) 100vw, 448px\" \/><\/td>\n<\/tr>\n<tr>\n<td style=\"width: 50{f095cbfc23b5d948ebc3456e744b7bd07c7f7c90d73fe0753b90cd8ac848d14e}; text-align: center;\" colspan=\"2\"><img loading=\"lazy\" decoding=\"async\" class=\"alignnone  wp-image-7469\" src=\"https:\/\/salvadera.skizunft-basketball.de\/wp-content\/uploads\/2023\/10\/Office_Hahn_Automobile_transparent.png\" alt=\"\" width=\"389\" height=\"100\" srcset=\"https:\/\/salvadera.skizunft-basketball.de\/wp-content\/uploads\/2023\/10\/Office_Hahn_Automobile_transparent.png 945w, https:\/\/salvadera.skizunft-basketball.de\/wp-content\/uploads\/2023\/10\/Office_Hahn_Automobile_transparent-300x77.png 300w, https:\/\/salvadera.skizunft-basketball.de\/wp-content\/uploads\/2023\/10\/Office_Hahn_Automobile_transparent-768x197.png 768w\" sizes=\"auto, (max-width: 389px) 100vw, 389px\" \/><\/td>\n<\/tr>\n<\/tbody>\n<\/table>\n<h3><strong><br \/>\nTrikotsponsoring<br \/>\n<\/strong><\/h3>\n<table style=\"border-collapse: collapse; width: 98.81{f095cbfc23b5d948ebc3456e744b7bd07c7f7c90d73fe0753b90cd8ac848d14e};\">\n<tbody>\n<tr>\n<td style=\"width: 40.1693{f095cbfc23b5d948ebc3456e744b7bd07c7f7c90d73fe0753b90cd8ac848d14e};\"><img loading=\"lazy\" decoding=\"async\" class=\"wp-image-7049  aligncenter\" src=\"https:\/\/salvadera.skizunft-basketball.de\/wp-content\/uploads\/2023\/03\/GFH_neu_2023.png\" alt=\"\" width=\"296\" height=\"232\" \/><\/td>\n<td style=\"width: 64.3038{f095cbfc23b5d948ebc3456e744b7bd07c7f7c90d73fe0753b90cd8ac848d14e};\"><img loading=\"lazy\" decoding=\"async\" class=\"wp-image-8403 aligncenter\" src=\"https:\/\/salvadera.skizunft-basketball.de\/wp-content\/uploads\/2024\/08\/logo-6c-1024x1024.png\" alt=\"\" width=\"268\" height=\"268\" srcset=\"https:\/\/salvadera.skizunft-basketball.de\/wp-content\/uploads\/2024\/08\/logo-6c-1024x1024.png 1024w, https:\/\/salvadera.skizunft-basketball.de\/wp-content\/uploads\/2024\/08\/logo-6c-300x300.png 300w, https:\/\/salvadera.skizunft-basketball.de\/wp-content\/uploads\/2024\/08\/logo-6c-150x150.png 150w, https:\/\/salvadera.skizunft-basketball.de\/wp-content\/uploads\/2024\/08\/logo-6c-768x768.png 768w, https:\/\/salvadera.skizunft-basketball.de\/wp-content\/uploads\/2024\/08\/logo-6c-1536x1536.png 1536w, https:\/\/salvadera.skizunft-basketball.de\/wp-content\/uploads\/2024\/08\/logo-6c-2048x2048.png 2048w\" sizes=\"auto, (max-width: 268px) 100vw, 268px\" \/><\/td>\n<\/tr>\n<tr>\n<td style=\"width: 40.1693{f095cbfc23b5d948ebc3456e744b7bd07c7f7c90d73fe0753b90cd8ac848d14e};\"><img loading=\"lazy\" decoding=\"async\" class=\"wp-image-3524 aligncenter\" src=\"https:\/\/salvadera.skizunft-basketball.de\/wp-content\/uploads\/2021\/07\/kreativ_bedachungen-1024x553.png\" alt=\"\" width=\"337\" height=\"182\" srcset=\"https:\/\/salvadera.skizunft-basketball.de\/wp-content\/uploads\/2021\/07\/kreativ_bedachungen-1024x553.png 1024w, https:\/\/salvadera.skizunft-basketball.de\/wp-content\/uploads\/2021\/07\/kreativ_bedachungen-300x162.png 300w, https:\/\/salvadera.skizunft-basketball.de\/wp-content\/uploads\/2021\/07\/kreativ_bedachungen-768x415.png 768w, https:\/\/salvadera.skizunft-basketball.de\/wp-content\/uploads\/2021\/07\/kreativ_bedachungen-1536x830.png 1536w, https:\/\/salvadera.skizunft-basketball.de\/wp-content\/uploads\/2021\/07\/kreativ_bedachungen-2048x1106.png 2048w\" sizes=\"auto, (max-width: 337px) 100vw, 337px\" \/><\/td>\n<td style=\"width: 64.3038{f095cbfc23b5d948ebc3456e744b7bd07c7f7c90d73fe0753b90cd8ac848d14e};\"><img loading=\"lazy\" decoding=\"async\" class=\"wp-image-3520 aligncenter\" src=\"https:\/\/salvadera.skizunft-basketball.de\/wp-content\/uploads\/2021\/07\/LIPAS-1024x468.png\" alt=\"\" width=\"340\" height=\"155\" srcset=\"https:\/\/salvadera.skizunft-basketball.de\/wp-content\/uploads\/2021\/07\/LIPAS-1024x468.png 1024w, https:\/\/salvadera.skizunft-basketball.de\/wp-content\/uploads\/2021\/07\/LIPAS-300x137.png 300w, https:\/\/salvadera.skizunft-basketball.de\/wp-content\/uploads\/2021\/07\/LIPAS-768x351.png 768w, https:\/\/salvadera.skizunft-basketball.de\/wp-content\/uploads\/2021\/07\/LIPAS-1536x702.png 1536w, https:\/\/salvadera.skizunft-basketball.de\/wp-content\/uploads\/2021\/07\/LIPAS.png 2008w\" sizes=\"auto, (max-width: 340px) 100vw, 340px\" \/><\/td>\n<\/tr>\n<tr>\n<td style=\"width: 40.1693{f095cbfc23b5d948ebc3456e744b7bd07c7f7c90d73fe0753b90cd8ac848d14e};\" colspan=\"2\"><img loading=\"lazy\" decoding=\"async\" class=\"wp-image-7051  aligncenter\" src=\"https:\/\/salvadera.skizunft-basketball.de\/wp-content\/uploads\/2023\/03\/RZ_pm_logo_pantone_110113.png\" alt=\"\" width=\"453\" height=\"68\" srcset=\"https:\/\/salvadera.skizunft-basketball.de\/wp-content\/uploads\/2023\/03\/RZ_pm_logo_pantone_110113.png 822w, https:\/\/salvadera.skizunft-basketball.de\/wp-content\/uploads\/2023\/03\/RZ_pm_logo_pantone_110113-300x45.png 300w, https:\/\/salvadera.skizunft-basketball.de\/wp-content\/uploads\/2023\/03\/RZ_pm_logo_pantone_110113-768x116.png 768w\" sizes=\"auto, (max-width: 453px) 100vw, 453px\" \/><\/td>\n<\/tr>\n<tr>\n<td style=\"width: 40.1693{f095cbfc23b5d948ebc3456e744b7bd07c7f7c90d73fe0753b90cd8ac848d14e};\"><img loading=\"lazy\" decoding=\"async\" class=\" wp-image-3525 aligncenter\" src=\"https:\/\/salvadera.skizunft-basketball.de\/wp-content\/uploads\/2021\/07\/VoBaLB-1024x218.png\" alt=\"\" width=\"308\" height=\"66\" srcset=\"https:\/\/salvadera.skizunft-basketball.de\/wp-content\/uploads\/2021\/07\/VoBaLB-1024x218.png 1024w, https:\/\/salvadera.skizunft-basketball.de\/wp-content\/uploads\/2021\/07\/VoBaLB-300x64.png 300w, https:\/\/salvadera.skizunft-basketball.de\/wp-content\/uploads\/2021\/07\/VoBaLB-768x164.png 768w, https:\/\/salvadera.skizunft-basketball.de\/wp-content\/uploads\/2021\/07\/VoBaLB-1536x327.png 1536w, https:\/\/salvadera.skizunft-basketball.de\/wp-content\/uploads\/2021\/07\/VoBaLB-2048x436.png 2048w\" sizes=\"auto, (max-width: 308px) 100vw, 308px\" \/><\/td>\n<td style=\"width: 64.3038{f095cbfc23b5d948ebc3456e744b7bd07c7f7c90d73fe0753b90cd8ac848d14e};\"><img loading=\"lazy\" decoding=\"async\" class=\"wp-image-3503 aligncenter\" src=\"https:\/\/salvadera.skizunft-basketball.de\/wp-content\/uploads\/2021\/07\/logo_graus-1024x431.png\" alt=\"\" width=\"335\" height=\"141\" srcset=\"https:\/\/salvadera.skizunft-basketball.de\/wp-content\/uploads\/2021\/07\/logo_graus-1024x431.png 1024w, https:\/\/salvadera.skizunft-basketball.de\/wp-content\/uploads\/2021\/07\/logo_graus-300x126.png 300w, https:\/\/salvadera.skizunft-basketball.de\/wp-content\/uploads\/2021\/07\/logo_graus-768x323.png 768w, https:\/\/salvadera.skizunft-basketball.de\/wp-content\/uploads\/2021\/07\/logo_graus-1536x647.png 1536w, https:\/\/salvadera.skizunft-basketball.de\/wp-content\/uploads\/2021\/07\/logo_graus-2048x863.png 2048w\" sizes=\"auto, (max-width: 335px) 100vw, 335px\" \/><\/td>\n<\/tr>\n<\/tbody>\n<\/table>\n<p><strong>Sowie auch unseren bisherigen Sponsoren aussprechen.<\/strong><br \/>\n&#8211; Friend&#8217;s Burger Saloon, <span class=\"LrzXr\">Holzmarktstra\u00dfe 4, 71634 Ludwigsburg<br \/>\n<\/span>&#8211; Georg Mantzalas, Maler und Lackierermeister, Kornwestheim<br \/>\n&#8211; Shell Stationen Lopez GmbH, Freiberg\/Renningen\/Rutesheim<br \/>\n&#8211; RTK &#8211; Regeltechnik Kornwestheim GmbH<\/p>\n","protected":false},"excerpt":{"rendered":"<p>F\u00f6rderer und Sponsoren In den vergangenen Jahren haben wir uns ausgehend von einer kleinen Abteilung mit f\u00fcnf Mannschaften und nicht einmal 100 Spielern gemeinsam zu einem der gr\u00f6\u00dften Basketballvereine im &#8230;<\/p>\n","protected":false},"author":1,"featured_media":0,"parent":0,"menu_order":0,"comment_status":"closed","ping_status":"closed","template":"","meta":{"footnotes":""},"class_list":["post-37","page","type-page","status-publish","hentry"],"_links":{"self":[{"href":"https:\/\/salvadera.skizunft-basketball.de\/index.php\/wp-json\/wp\/v2\/pages\/37","targetHints":{"allow":["GET"]}}],"collection":[{"href":"https:\/\/salvadera.skizunft-basketball.de\/index.php\/wp-json\/wp\/v2\/pages"}],"about":[{"href":"https:\/\/salvadera.skizunft-basketball.de\/index.php\/wp-json\/wp\/v2\/types\/page"}],"author":[{"embeddable":true,"href":"https:\/\/salvadera.skizunft-basketball.de\/index.php\/wp-json\/wp\/v2\/users\/1"}],"replies":[{"embeddable":true,"href":"https:\/\/salvadera.skizunft-basketball.de\/index.php\/wp-json\/wp\/v2\/comments?post=37"}],"version-history":[{"count":36,"href":"https:\/\/salvadera.skizunft-basketball.de\/index.php\/wp-json\/wp\/v2\/pages\/37\/revisions"}],"predecessor-version":[{"id":8873,"href":"https:\/\/salvadera.skizunft-basketball.de\/index.php\/wp-json\/wp\/v2\/pages\/37\/revisions\/8873"}],"wp:attachment":[{"href":"https:\/\/salvadera.skizunft-basketball.de\/index.php\/wp-json\/wp\/v2\/media?parent=37"}],"curies":[{"name":"wp","href":"https:\/\/api.w.org\/{rel}","templated":true}]}}