{"id":234,"date":"2018-07-12T20:45:57","date_gmt":"2018-07-12T18:45:57","guid":{"rendered":"https:\/\/salvadera.skizunft-basketball.de\/szk_wp\/?page_id=234"},"modified":"2022-05-10T21:35:17","modified_gmt":"2022-05-10T19:35:17","slug":"impressum","status":"publish","type":"page","link":"https:\/\/salvadera.skizunft-basketball.de\/index.php\/impressum\/","title":{"rendered":"Impressum"},"content":{"rendered":"<p><strong>IMPRESSUM<\/strong><br \/>\n(aus der Homepage des Hauptvereins: sz-kornwestheim.de -&gt; Impressum)<\/p>\n<p>Verantwortlich nach \u00a7 6 MDStV<\/p>\n<p>Skizunft Kornwestheim e.V.<br \/>\nAldinger Stra\u00dfe 137<br \/>\n70806 Kornwestheim<\/p>\n<p>Tel.: +49 (0) 71 54 \u2013 37 52<br \/>\nFax: +49 (0) 71 54 \u2013 18 37 05<\/p>\n<p>\u00d6ffnungszeiten:<br \/>\nDienstag 16:00 &#8211; 18:00 Uhr<br \/>\nMittwoch 08:00 &#8211; 10:00 Uhr<\/p>\n<p>email: &#x69;&#x6e;&#102;o&#x40;&#x73;&#x7a;&#45;k&#x6f;&#x72;&#x6e;&#119;e&#x73;&#x74;&#x68;&#101;i&#x6d;&#x2e;&#x64;&#101;<\/p>\n<p>Registergericht: Stuttgart<br \/>\nRegisternummer: VR 200313<br \/>\nUmsatzsteuer-ID-Nummer nach \u00a727a : 71491 \/ 03607<\/p>\n<p>Haftung f\u00fcr Inhalte<\/p>\n<p>Trotz gro\u00dfer Sorgfalt bei der Erstellung dieser Homepage \u00fcbernimmt der Betreiber keinerlei Gew\u00e4hr f\u00fcr die Richtigkeit, die Vollst\u00e4ndigkeit und die Aktualit\u00e4t der Inhalte.<\/p>\n<p>Haftung f\u00fcr Links<\/p>\n<p>Unser Angebot enth\u00e4lt Links zu externen Webseiten, die beim Zeitpunkt der Verlinkung auf Rechtswidrigkeiten \u00fcberpr\u00fcft wurden. Wir \u00fcbernehmen keine Haftung f\u00fcr die Inhalte externer Links. F\u00fcr den Inhalt der verlinkten Seiten sind ausschlie\u00dflich deren Betreiber verantwortlich.<br \/>\nMit Urteil vom 12. Mai 1998 \u2013 312 O 85\/98 \u2013 \u201eHaftung f\u00fcr Links\u201c hat das Landgericht Hamburg entschieden, da\u00df man durch die Erstellung eines Links die Inhalte der gelinkten Seite ggf. mit zu verantworten hat. Dies kann \u2013 so das Gericht \u2013 nur dadurch verhindert werden, dass man sich ausdr\u00fccklich von diesen Inhalten distanziert. Da wir keinen Einfluss auf die Gestaltung und die Inhalte der gelinkten Seiten haben, distanzieren wir (die Skizunft Kornwestheim e.V.) uns ausdr\u00fccklich von allen Inhalten aller gelinkten Seiten auf diesem Server und machen uns die Inhalte der gelinkten Seiten nicht zu eigen. Diese Erkl\u00e4rung gilt f\u00fcr alle verf\u00fcgbaren Links auf diesem Server sowie evtl. vorhandene Linklisten und Foren, die zur Zeit aktiv sind und\/oder aktiv werden.<\/p>\n<p>Urheberrecht<\/p>\n<p>Der Autor dieser Seiten ist bem\u00fcht, stets die Urheberrechte anderer zu beachten bzw. auf selbst erstellte sowie lizenzfreie Werke zur\u00fcckzugreifen. Die durch den Autor erstellte Grafiken und Texte unterliegen einem Copyright. Vervielf\u00e4ltigung, Bearbeitung, Verbreitung und jede Art der Verwertung au\u00dferhalb der Grenzen des Urheberrechtes bed\u00fcrfen der schriftlichen Zustimmung des jeweiligen Autors. Downloads und Kopien dieser Seite sind nur f\u00fcr den privaten, nicht kommerziellen Gebrauch gestattet.<\/p>\n<p>Datenschutz<\/p>\n<p>Soweit auf diesen Seiten personenbezogene Daten erhoben werden, erfolgt dies stets auf freiwilliger Basis. Wir weisen darauf hin, dass die Daten\u00fcbertragung im Internet Sicherheitsl\u00fccken aufweisen kann und somit ein l\u00fcckenloser Schutz der Daten nicht m\u00f6glich ist. Die Nutzung der im Rahmen des Impressums oder vergleichbarer Angaben ver\u00f6ffentlichten Kontaktdaten durch Dritte zur \u00dcbersendung von nicht ausdr\u00fccklich angeforderten Informationen ist nicht gestattet.<\/p>\n<p>\u00a9 2010<\/p>\n","protected":false},"excerpt":{"rendered":"<p>IMPRESSUM (aus der Homepage des Hauptvereins: sz-kornwestheim.de -&gt; Impressum) Verantwortlich nach \u00a7 6 MDStV Skizunft Kornwestheim e.V. Aldinger Stra\u00dfe 137 70806 Kornwestheim Tel.: +49 (0) 71 54 \u2013 37 52 &#8230;<\/p>\n","protected":false},"author":1,"featured_media":0,"parent":0,"menu_order":0,"comment_status":"closed","ping_status":"closed","template":"","meta":{"footnotes":""},"class_list":["post-234","page","type-page","status-publish","hentry"],"_links":{"self":[{"href":"https:\/\/salvadera.skizunft-basketball.de\/index.php\/wp-json\/wp\/v2\/pages\/234","targetHints":{"allow":["GET"]}}],"collection":[{"href":"https:\/\/salvadera.skizunft-basketball.de\/index.php\/wp-json\/wp\/v2\/pages"}],"about":[{"href":"https:\/\/salvadera.skizunft-basketball.de\/index.php\/wp-json\/wp\/v2\/types\/page"}],"author":[{"embeddable":true,"href":"https:\/\/salvadera.skizunft-basketball.de\/index.php\/wp-json\/wp\/v2\/users\/1"}],"replies":[{"embeddable":true,"href":"https:\/\/salvadera.skizunft-basketball.de\/index.php\/wp-json\/wp\/v2\/comments?post=234"}],"version-history":[{"count":5,"href":"https:\/\/salvadera.skizunft-basketball.de\/index.php\/wp-json\/wp\/v2\/pages\/234\/revisions"}],"predecessor-version":[{"id":4321,"href":"https:\/\/salvadera.skizunft-basketball.de\/index.php\/wp-json\/wp\/v2\/pages\/234\/revisions\/4321"}],"wp:attachment":[{"href":"https:\/\/salvadera.skizunft-basketball.de\/index.php\/wp-json\/wp\/v2\/media?parent=234"}],"curies":[{"name":"wp","href":"https:\/\/api.w.org\/{rel}","templated":true}]}}