{"id":119,"date":"2018-07-05T10:50:48","date_gmt":"2018-07-05T08:50:48","guid":{"rendered":"https:\/\/salvadera.skizunft-basketball.de\/szk_wp\/?page_id=119"},"modified":"2024-07-26T10:50:38","modified_gmt":"2024-07-26T08:50:38","slug":"abteilungsleitung","status":"publish","type":"page","link":"https:\/\/salvadera.skizunft-basketball.de\/index.php\/abteilungsleitung\/","title":{"rendered":"Abteilungsleitung"},"content":{"rendered":"<table style=\"border-collapse: collapse; width: 100{f095cbfc23b5d948ebc3456e744b7bd07c7f7c90d73fe0753b90cd8ac848d14e}; height: 300px;\" border=\"1\">\n<tbody>\n<tr style=\"height: 25px;\">\n<td style=\"width: 50{f095cbfc23b5d948ebc3456e744b7bd07c7f7c90d73fe0753b90cd8ac848d14e}; height: 25px;\"><strong>Kenan Kaya<\/strong><\/td>\n<td style=\"width: 50{f095cbfc23b5d948ebc3456e744b7bd07c7f7c90d73fe0753b90cd8ac848d14e}; height: 25px;\">Abteilungsleiter<\/td>\n<\/tr>\n<tr style=\"height: 25px;\">\n<td style=\"width: 50{f095cbfc23b5d948ebc3456e744b7bd07c7f7c90d73fe0753b90cd8ac848d14e}; height: 25px;\"><span style=\"font-family: arial black, sans-serif;\"><strong>Sabine Sch\u00f6tz-Hasse<\/strong><\/span><\/td>\n<td style=\"width: 50{f095cbfc23b5d948ebc3456e744b7bd07c7f7c90d73fe0753b90cd8ac848d14e}; height: 25px;\">Abteilungskoordination, Schriftf\u00fchrung<\/td>\n<\/tr>\n<tr style=\"height: 25px;\">\n<td style=\"width: 50{f095cbfc23b5d948ebc3456e744b7bd07c7f7c90d73fe0753b90cd8ac848d14e}; height: 25px;\"><span style=\"font-family: arial black, sans-serif;\"><strong>Mladen Pejki\u0107<\/strong><\/span><\/td>\n<td style=\"width: 50{f095cbfc23b5d948ebc3456e744b7bd07c7f7c90d73fe0753b90cd8ac848d14e}; height: 25px;\"><span style=\"font-family: Arial;\">stellv. Abteilungsleiter,\u00a0<\/span><em>Jugend M\u00e4nnlich<\/em><\/td>\n<\/tr>\n<tr style=\"height: 25px;\">\n<td style=\"width: 50{f095cbfc23b5d948ebc3456e744b7bd07c7f7c90d73fe0753b90cd8ac848d14e}; height: 25px;\"><strong>Mustafa Me\u0161anovi\u0107<\/strong><\/td>\n<td style=\"width: 50{f095cbfc23b5d948ebc3456e744b7bd07c7f7c90d73fe0753b90cd8ac848d14e}; height: 25px;\">stellv. Abteilungsleiter,\u00a0<em> FSJ und Schule<br \/>\n<\/em><\/td>\n<\/tr>\n<tr>\n<td style=\"width: 50{f095cbfc23b5d948ebc3456e744b7bd07c7f7c90d73fe0753b90cd8ac848d14e};\"><span style=\"font-family: arial black, sans-serif;\"><b>Patrick Zirn<\/b><\/span><\/td>\n<td style=\"width: 50{f095cbfc23b5d948ebc3456e744b7bd07c7f7c90d73fe0753b90cd8ac848d14e};\"><span style=\"font-family: Arial;\">stellv. Abteilungsleiter, <em>Organisation<\/em>, Schiedsrichterwart<\/span><\/td>\n<\/tr>\n<tr style=\"height: 25px;\">\n<td style=\"width: 50{f095cbfc23b5d948ebc3456e744b7bd07c7f7c90d73fe0753b90cd8ac848d14e}; height: 25px;\"><span style=\"font-family: arial black, sans-serif;\"><b>Lasse Mader<br \/>\n<\/b><\/span><\/td>\n<td style=\"width: 50{f095cbfc23b5d948ebc3456e744b7bd07c7f7c90d73fe0753b90cd8ac848d14e}; height: 25px;\"><span style=\"font-family: Arial;\">Kassier, Sportwart<\/span><\/td>\n<\/tr>\n<tr>\n<td style=\"width: 50{f095cbfc23b5d948ebc3456e744b7bd07c7f7c90d73fe0753b90cd8ac848d14e};\"><span style=\"font-family: arial black, sans-serif;\"><b>Aileen Aynacioglu<br \/>\n<\/b><\/span><\/td>\n<td style=\"width: 50{f095cbfc23b5d948ebc3456e744b7bd07c7f7c90d73fe0753b90cd8ac848d14e};\"><span style=\"font-family: Arial;\">Jugendsprecherin, <em>Jugend Weiblich<\/em><br \/>\n<\/span><\/td>\n<\/tr>\n<tr style=\"height: 25px;\">\n<td style=\"width: 50{f095cbfc23b5d948ebc3456e744b7bd07c7f7c90d73fe0753b90cd8ac848d14e}; height: 25px;\"><span style=\"font-family: arial black, sans-serif;\"><strong>Ilkay Ipek<br \/>\n<\/strong><\/span><\/td>\n<td style=\"width: 50{f095cbfc23b5d948ebc3456e744b7bd07c7f7c90d73fe0753b90cd8ac848d14e}; height: 25px;\">Beisitzer<\/td>\n<\/tr>\n<\/tbody>\n<\/table>\n","protected":false},"excerpt":{"rendered":"<p>Kenan Kaya Abteilungsleiter Sabine Sch\u00f6tz-Hasse Abteilungskoordination, Schriftf\u00fchrung Mladen Pejki\u0107 stellv. Abteilungsleiter,\u00a0Jugend M\u00e4nnlich Mustafa Me\u0161anovi\u0107 stellv. Abteilungsleiter,\u00a0 FSJ und Schule Patrick Zirn stellv. Abteilungsleiter, Organisation, Schiedsrichterwart Lasse Mader Kassier, Sportwart Aileen &#8230;<\/p>\n","protected":false},"author":1,"featured_media":0,"parent":0,"menu_order":0,"comment_status":"closed","ping_status":"closed","template":"","meta":{"footnotes":""},"class_list":["post-119","page","type-page","status-publish","hentry"],"_links":{"self":[{"href":"https:\/\/salvadera.skizunft-basketball.de\/index.php\/wp-json\/wp\/v2\/pages\/119","targetHints":{"allow":["GET"]}}],"collection":[{"href":"https:\/\/salvadera.skizunft-basketball.de\/index.php\/wp-json\/wp\/v2\/pages"}],"about":[{"href":"https:\/\/salvadera.skizunft-basketball.de\/index.php\/wp-json\/wp\/v2\/types\/page"}],"author":[{"embeddable":true,"href":"https:\/\/salvadera.skizunft-basketball.de\/index.php\/wp-json\/wp\/v2\/users\/1"}],"replies":[{"embeddable":true,"href":"https:\/\/salvadera.skizunft-basketball.de\/index.php\/wp-json\/wp\/v2\/comments?post=119"}],"version-history":[{"count":16,"href":"https:\/\/salvadera.skizunft-basketball.de\/index.php\/wp-json\/wp\/v2\/pages\/119\/revisions"}],"predecessor-version":[{"id":8379,"href":"https:\/\/salvadera.skizunft-basketball.de\/index.php\/wp-json\/wp\/v2\/pages\/119\/revisions\/8379"}],"wp:attachment":[{"href":"https:\/\/salvadera.skizunft-basketball.de\/index.php\/wp-json\/wp\/v2\/media?parent=119"}],"curies":[{"name":"wp","href":"https:\/\/api.w.org\/{rel}","templated":true}]}}